{"id":59,"date":"2022-07-27T07:56:11","date_gmt":"2022-07-27T07:56:11","guid":{"rendered":"http:\/\/192.168.0.119\/?page_id=59"},"modified":"2022-07-27T12:28:31","modified_gmt":"2022-07-27T12:28:31","slug":"dotari","status":"publish","type":"page","link":"http:\/\/www.eminescu.rdsor.ro\/index.php\/dotari\/","title":{"rendered":"Dot\u0103ri"},"content":{"rendered":"<p>Liceul ofer\u0103 toate condi\u021biile de desf\u0103\u0219urare a procesului educa\u021bional, dispun\u00e2nd de dot\u0103ri moderne sau \u00een curs de modernizare. Elevii liceului au la dispozi\u021bie multiple\u00a0 s\u0103li de clas\u0103, laboratoare de fizic\u0103, biologie, geografie si informatic\u0103, bibliotec\u0103 \u0219colar\u0103 \u0219i s\u0103li de sport.<\/p>\n","protected":false},"excerpt":{"rendered":"<p>Liceul ofer\u0103 toate condi\u021biile de desf\u0103\u0219urare a procesului educa\u021bional, dispun\u00e2nd de dot\u0103ri moderne sau \u00een<\/p>\n","protected":false},"author":1,"featured_media":0,"parent":0,"menu_order":0,"comment_status":"closed","ping_status":"closed","template":"","meta":{"ub_ctt_via":""},"featured_image_src":null,"_links":{"self":[{"href":"http:\/\/www.eminescu.rdsor.ro\/index.php\/wp-json\/wp\/v2\/pages\/59"}],"collection":[{"href":"http:\/\/www.eminescu.rdsor.ro\/index.php\/wp-json\/wp\/v2\/pages"}],"about":[{"href":"http:\/\/www.eminescu.rdsor.ro\/index.php\/wp-json\/wp\/v2\/types\/page"}],"author":[{"embeddable":true,"href":"http:\/\/www.eminescu.rdsor.ro\/index.php\/wp-json\/wp\/v2\/users\/1"}],"replies":[{"embeddable":true,"href":"http:\/\/www.eminescu.rdsor.ro\/index.php\/wp-json\/wp\/v2\/comments?post=59"}],"version-history":[{"count":2,"href":"http:\/\/www.eminescu.rdsor.ro\/index.php\/wp-json\/wp\/v2\/pages\/59\/revisions"}],"predecessor-version":[{"id":248,"href":"http:\/\/www.eminescu.rdsor.ro\/index.php\/wp-json\/wp\/v2\/pages\/59\/revisions\/248"}],"wp:attachment":[{"href":"http:\/\/www.eminescu.rdsor.ro\/index.php\/wp-json\/wp\/v2\/media?parent=59"}],"curies":[{"name":"wp","href":"https:\/\/api.w.org\/{rel}","templated":true}]}}