{"id":57,"date":"2022-07-27T07:56:11","date_gmt":"2022-07-27T07:56:11","guid":{"rendered":"http:\/\/192.168.0.119\/?page_id=57"},"modified":"2023-02-23T08:06:16","modified_gmt":"2023-02-23T08:06:16","slug":"viziunea-scolii","status":"publish","type":"page","link":"http:\/\/www.eminescu.rdsor.ro\/index.php\/viziunea-scolii\/","title":{"rendered":"Viziunea \u0219colii"},"content":{"rendered":"<p>Colegiul Na\u021bional \u201eMihai Eminescu\u201d trebuie s\u0103 se \u00eencadreze \u00een eforturile \u0219colii bihorene de a deveni un mediu democratic \u0219i dinamic, care s\u0103 asigure accesul la educa\u021bie \u0219i \u0219anse egale de dezvoltare personal\u0103 fiec\u0103ru<span class=\"more_text\">i elev, prin dob\u0103ndirea competen\u021belor cheie, care s\u0103 permit\u0103 tinerilor inser\u021bia social\u0103 \u0219i inva\u021barea pe tot parcursul vie\u021bii.<\/span><span class=\"more_text\"><br \/>\nMediul educational trebuie s\u0103 ofere fiec\u0103rui t\u0103nar posibilitatea afirm\u0103rii talentului, aptitudinilor \u0219i aspiratiilor \u00een spiritul respectului pentru valori, \u00eentr-o societate bazat\u0103 pe cunoa\u0219tere.<\/span><\/p>\n","protected":false},"excerpt":{"rendered":"<p>Colegiul Na\u021bional \u201eMihai Eminescu\u201d trebuie s\u0103 se \u00eencadreze \u00een eforturile \u0219colii bihorene de a deveni<\/p>\n","protected":false},"author":1,"featured_media":0,"parent":0,"menu_order":0,"comment_status":"closed","ping_status":"closed","template":"template-page-builder-no-sidebar.php","meta":{"ub_ctt_via":""},"featured_image_src":null,"_links":{"self":[{"href":"http:\/\/www.eminescu.rdsor.ro\/index.php\/wp-json\/wp\/v2\/pages\/57"}],"collection":[{"href":"http:\/\/www.eminescu.rdsor.ro\/index.php\/wp-json\/wp\/v2\/pages"}],"about":[{"href":"http:\/\/www.eminescu.rdsor.ro\/index.php\/wp-json\/wp\/v2\/types\/page"}],"author":[{"embeddable":true,"href":"http:\/\/www.eminescu.rdsor.ro\/index.php\/wp-json\/wp\/v2\/users\/1"}],"replies":[{"embeddable":true,"href":"http:\/\/www.eminescu.rdsor.ro\/index.php\/wp-json\/wp\/v2\/comments?post=57"}],"version-history":[{"count":3,"href":"http:\/\/www.eminescu.rdsor.ro\/index.php\/wp-json\/wp\/v2\/pages\/57\/revisions"}],"predecessor-version":[{"id":642,"href":"http:\/\/www.eminescu.rdsor.ro\/index.php\/wp-json\/wp\/v2\/pages\/57\/revisions\/642"}],"wp:attachment":[{"href":"http:\/\/www.eminescu.rdsor.ro\/index.php\/wp-json\/wp\/v2\/media?parent=57"}],"curies":[{"name":"wp","href":"https:\/\/api.w.org\/{rel}","templated":true}]}}